{"id":16291,"date":"2026-03-14T02:54:48","date_gmt":"2026-03-14T02:54:48","guid":{"rendered":"https:\/\/saranaturels.com\/?post_type=product&#038;p=16291"},"modified":"2026-03-16T01:30:39","modified_gmt":"2026-03-16T01:30:39","slug":"gommage-naturel-de-corps-250gr","status":"publish","type":"product","link":"https:\/\/saranaturels.com\/ar\/product\/gommage-naturel-de-corps-250gr\/","title":{"rendered":"\u0645\u0642\u0634\u0651\u0631 \u0637\u0628\u064a\u0639\u064a \u0644\u0644\u062c\u0633\u0645 250 \u063a\u0631\u0627\u0645"},"content":{"rendered":"<p><strong>\u0627\u0644\u0645\u0643\u0648\u0646\u0627\u062a:<\/strong><br \/>\n\u0633\u0643\u0631 \u0637\u0628\u064a\u0639\u064a\u060c \u0632\u064a\u0648\u062a \u0637\u0628\u064a\u0639\u064a\u0629\u060c \u0632\u0628\u062f\u0629 \u0645\u063a\u0630\u064a\u0629\u060c \u0642\u0647\u0648\u0629 \u0623\u0648 \u0644\u064a\u0645\u0648\u0646 \u0623\u0648 \u0643\u0631\u0643\u062f\u064a\u0647.<br \/>\n<strong>\u0627\u0644\u0641\u0648\u0627\u0626\u062f:<\/strong><br \/>\n\u064a\u0632\u064a\u0644 \u0627\u0644\u062e\u0644\u0627\u064a\u0627 \u0627\u0644\u0645\u064a\u062a\u0629<br \/>\n\u064a\u0646\u0639\u0645 \u0648\u064a\u064f\u0641\u064e\u062a\u062d \u0627\u0644\u0628\u0634\u0631\u0629<br \/>\n\u064a\u062d\u0641\u0651\u0632 \u0627\u0644\u062f\u0648\u0631\u0629 \u0627\u0644\u062f\u0645\u0648\u064a\u0629<br \/>\n\u064a\u0631\u0637\u0651\u0628 \u0628\u0639\u0645\u0642.<br \/>\n<strong>\u0637\u0631\u064a\u0642\u0629 \u0627\u0644\u0627\u0633\u062a\u062e\u062f\u0627\u0645:<\/strong><br \/>\n\u062f\u0644\u0643\u064a \u0639\u0644\u0649 \u0627\u0644\u0628\u0634\u0631\u0629 \u0627\u0644\u0645\u0628\u0644\u0644\u0629 \u0628\u062d\u0631\u0643\u0627\u062a \u062f\u0627\u0626\u0631\u064a\u0629 \u062b\u0645 \u0627\u0634\u0637\u0641\u064a. \u064a\u064f\u0633\u062a\u062e\u062f\u0645 \u0645\u0631\u0629 \u0625\u0644\u0649 \u0645\u0631\u062a\u064a\u0646 \u0641\u064a \u0627\u0644\u0623\u0633\u0628\u0648\u0639.<\/p>","protected":false},"excerpt":{"rendered":"<p>Ingr\u00e9dients : Sucre naturel, huiles naturelles, beurres nourrissants, caf\u00e9 ou citron ou hibiscus. Bienfaits : \u00c9limine les cellules mortes Adoucit<\/p>","protected":false},"featured_media":16292,"comment_status":"open","ping_status":"closed","template":"","meta":[],"product_brand":[78],"product_cat":[75],"product_tag":[94,108,109,110],"class_list":{"0":"post-16291","1":"product","2":"type-product","3":"status-publish","4":"has-post-thumbnail","6":"product_brand-saranaturels","7":"product_cat-hammam","8":"product_tag-corps","9":"product_tag-gommage","10":"product_tag-naturel","11":"product_tag-visage","13":"first","14":"instock","15":"taxable","16":"shipping-taxable","17":"purchasable","18":"product-type-variable"},"yoast_head":"<!-- This site is optimized with the Yoast SEO plugin v27.3 - https:\/\/yoast.com\/product\/yoast-seo-wordpress\/ -->\n<title>Gommage Naturel de Corps 250Gr - Sara Naturels<\/title>\n<meta name=\"description\" content=\"Sucre naturel, huiles naturelles, beurres nourrissants, caf\u00e9 ou citron ou hibiscus. \u00c9limine les cellules mortes, Adoucit et \u00e9claircit la peau\" \/>\n<meta name=\"robots\" content=\"index, follow, max-snippet:-1, max-image-preview:large, max-video-preview:-1\" \/>\n<link rel=\"canonical\" href=\"https:\/\/saranaturels.com\/ar\/product\/gommage-naturel-de-corps-250gr\/\" \/>\n<meta property=\"og:locale\" content=\"ar_AR\" \/>\n<meta property=\"og:type\" content=\"article\" \/>\n<meta property=\"og:title\" content=\"Gommage Naturel de Corps 250Gr - Sara Naturels\" \/>\n<meta property=\"og:description\" content=\"Sucre naturel, huiles naturelles, beurres nourrissants, caf\u00e9 ou citron ou hibiscus. \u00c9limine les cellules mortes, Adoucit et \u00e9claircit la peau\" \/>\n<meta property=\"og:url\" content=\"https:\/\/saranaturels.com\/ar\/product\/gommage-naturel-de-corps-250gr\/\" \/>\n<meta property=\"og:site_name\" content=\"Sara Naturels\" \/>\n<meta property=\"article:publisher\" content=\"https:\/\/www.facebook.com\/profile.php?id=61583590318155&amp;rdid=C9o2KHjybaDWiTzT&amp;share_url=httpswww.facebook.comshare1F1doT5mxd#\" \/>\n<meta property=\"article:modified_time\" content=\"2026-03-16T01:30:39+00:00\" \/>\n<meta property=\"og:image\" content=\"https:\/\/saranaturels.com\/wp-content\/uploads\/2026\/03\/gommage-CORPS.png\" \/>\n\t<meta property=\"og:image:width\" content=\"1000\" \/>\n\t<meta property=\"og:image:height\" content=\"1000\" \/>\n\t<meta property=\"og:image:type\" content=\"image\/png\" \/>\n<meta name=\"twitter:card\" content=\"summary_large_image\" \/>\n<meta name=\"twitter:label1\" content=\"\u0648\u0642\u062a \u0627\u0644\u0642\u0631\u0627\u0621\u0629 \u0627\u0644\u0645\u064f\u0642\u062f\u0651\u0631\" \/>\n\t<meta name=\"twitter:data1\" content=\"\u062f\u0642\u064a\u0642\u0629 \u0648\u0627\u062d\u062f\u0629\" \/>\n<script type=\"application\/ld+json\" class=\"yoast-schema-graph\">{\"@context\":\"https:\\\/\\\/schema.org\",\"@graph\":[{\"@type\":\"WebPage\",\"@id\":\"https:\\\/\\\/saranaturels.com\\\/produit\\\/gommage-naturel-de-corps-250gr\\\/\",\"url\":\"https:\\\/\\\/saranaturels.com\\\/produit\\\/gommage-naturel-de-corps-250gr\\\/\",\"name\":\"Gommage Naturel de Corps 250Gr - Sara Naturels\",\"isPartOf\":{\"@id\":\"https:\\\/\\\/saranaturels.com\\\/#website\"},\"primaryImageOfPage\":{\"@id\":\"https:\\\/\\\/saranaturels.com\\\/produit\\\/gommage-naturel-de-corps-250gr\\\/#primaryimage\"},\"image\":{\"@id\":\"https:\\\/\\\/saranaturels.com\\\/produit\\\/gommage-naturel-de-corps-250gr\\\/#primaryimage\"},\"thumbnailUrl\":\"https:\\\/\\\/saranaturels.com\\\/wp-content\\\/uploads\\\/2026\\\/03\\\/gommage-CORPS.png\",\"datePublished\":\"2026-03-14T02:54:48+00:00\",\"dateModified\":\"2026-03-16T01:30:39+00:00\",\"description\":\"Sucre naturel, huiles naturelles, beurres nourrissants, caf\u00e9 ou citron ou hibiscus. \u00c9limine les cellules mortes, Adoucit et \u00e9claircit la peau\",\"breadcrumb\":{\"@id\":\"https:\\\/\\\/saranaturels.com\\\/produit\\\/gommage-naturel-de-corps-250gr\\\/#breadcrumb\"},\"inLanguage\":\"ar\",\"potentialAction\":[{\"@type\":\"ReadAction\",\"target\":[\"https:\\\/\\\/saranaturels.com\\\/produit\\\/gommage-naturel-de-corps-250gr\\\/\"]}]},{\"@type\":\"ImageObject\",\"inLanguage\":\"ar\",\"@id\":\"https:\\\/\\\/saranaturels.com\\\/produit\\\/gommage-naturel-de-corps-250gr\\\/#primaryimage\",\"url\":\"https:\\\/\\\/saranaturels.com\\\/wp-content\\\/uploads\\\/2026\\\/03\\\/gommage-CORPS.png\",\"contentUrl\":\"https:\\\/\\\/saranaturels.com\\\/wp-content\\\/uploads\\\/2026\\\/03\\\/gommage-CORPS.png\",\"width\":1000,\"height\":1000},{\"@type\":\"BreadcrumbList\",\"@id\":\"https:\\\/\\\/saranaturels.com\\\/produit\\\/gommage-naturel-de-corps-250gr\\\/#breadcrumb\",\"itemListElement\":[{\"@type\":\"ListItem\",\"position\":1,\"name\":\"Accueil\",\"item\":\"https:\\\/\\\/saranaturels.com\\\/\"},{\"@type\":\"ListItem\",\"position\":2,\"name\":\"Boutique\",\"item\":\"https:\\\/\\\/saranaturels.com\\\/boutique\\\/\"},{\"@type\":\"ListItem\",\"position\":3,\"name\":\"Gommage Naturel de Corps 250Gr\"}]},{\"@type\":\"WebSite\",\"@id\":\"https:\\\/\\\/saranaturels.com\\\/#website\",\"url\":\"https:\\\/\\\/saranaturels.com\\\/\",\"name\":\"Sara Naturels\",\"description\":\"Keep It Natural\",\"publisher\":{\"@id\":\"https:\\\/\\\/saranaturels.com\\\/#organization\"},\"potentialAction\":[{\"@type\":\"SearchAction\",\"target\":{\"@type\":\"EntryPoint\",\"urlTemplate\":\"https:\\\/\\\/saranaturels.com\\\/?s={search_term_string}\"},\"query-input\":{\"@type\":\"PropertyValueSpecification\",\"valueRequired\":true,\"valueName\":\"search_term_string\"}}],\"inLanguage\":\"ar\"},{\"@type\":\"Organization\",\"@id\":\"https:\\\/\\\/saranaturels.com\\\/#organization\",\"name\":\"Sara Naturels\",\"url\":\"https:\\\/\\\/saranaturels.com\\\/\",\"logo\":{\"@type\":\"ImageObject\",\"inLanguage\":\"ar\",\"@id\":\"https:\\\/\\\/saranaturels.com\\\/#\\\/schema\\\/logo\\\/image\\\/\",\"url\":\"https:\\\/\\\/saranaturels.com\\\/wp-content\\\/uploads\\\/2026\\\/03\\\/sara-naturels_Plan-de-travail-1.png\",\"contentUrl\":\"https:\\\/\\\/saranaturels.com\\\/wp-content\\\/uploads\\\/2026\\\/03\\\/sara-naturels_Plan-de-travail-1.png\",\"width\":1900,\"height\":1900,\"caption\":\"Sara Naturels\"},\"image\":{\"@id\":\"https:\\\/\\\/saranaturels.com\\\/#\\\/schema\\\/logo\\\/image\\\/\"},\"sameAs\":[\"https:\\\/\\\/www.facebook.com\\\/profile.php?id=61583590318155&rdid=C9o2KHjybaDWiTzT&share_url=httpswww.facebook.comshare1F1doT5mxd#\",\"https:\\\/\\\/www.instagram.com\\\/sara_naturels\"]}]}<\/script>\n<!-- \/ Yoast SEO plugin. -->","yoast_head_json":{"title":"Gommage Naturel de Corps 250Gr - Sara Naturels","description":"Sucre naturel, huiles naturelles, beurres nourrissants, caf\u00e9 ou citron ou hibiscus. \u00c9limine les cellules mortes, Adoucit et \u00e9claircit la peau","robots":{"index":"index","follow":"follow","max-snippet":"max-snippet:-1","max-image-preview":"max-image-preview:large","max-video-preview":"max-video-preview:-1"},"canonical":"https:\/\/saranaturels.com\/ar\/product\/gommage-naturel-de-corps-250gr\/","og_locale":"ar_AR","og_type":"article","og_title":"Gommage Naturel de Corps 250Gr - Sara Naturels","og_description":"Sucre naturel, huiles naturelles, beurres nourrissants, caf\u00e9 ou citron ou hibiscus. \u00c9limine les cellules mortes, Adoucit et \u00e9claircit la peau","og_url":"https:\/\/saranaturels.com\/ar\/product\/gommage-naturel-de-corps-250gr\/","og_site_name":"Sara Naturels","article_publisher":"https:\/\/www.facebook.com\/profile.php?id=61583590318155&rdid=C9o2KHjybaDWiTzT&share_url=httpswww.facebook.comshare1F1doT5mxd#","article_modified_time":"2026-03-16T01:30:39+00:00","og_image":[{"width":1000,"height":1000,"url":"https:\/\/saranaturels.com\/wp-content\/uploads\/2026\/03\/gommage-CORPS.png","type":"image\/png"}],"twitter_card":"summary_large_image","twitter_misc":{"\u0648\u0642\u062a \u0627\u0644\u0642\u0631\u0627\u0621\u0629 \u0627\u0644\u0645\u064f\u0642\u062f\u0651\u0631":"\u062f\u0642\u064a\u0642\u0629 \u0648\u0627\u062d\u062f\u0629"},"schema":{"@context":"https:\/\/schema.org","@graph":[{"@type":"WebPage","@id":"https:\/\/saranaturels.com\/produit\/gommage-naturel-de-corps-250gr\/","url":"https:\/\/saranaturels.com\/produit\/gommage-naturel-de-corps-250gr\/","name":"Gommage Naturel de Corps 250Gr - Sara Naturels","isPartOf":{"@id":"https:\/\/saranaturels.com\/#website"},"primaryImageOfPage":{"@id":"https:\/\/saranaturels.com\/produit\/gommage-naturel-de-corps-250gr\/#primaryimage"},"image":{"@id":"https:\/\/saranaturels.com\/produit\/gommage-naturel-de-corps-250gr\/#primaryimage"},"thumbnailUrl":"https:\/\/saranaturels.com\/wp-content\/uploads\/2026\/03\/gommage-CORPS.png","datePublished":"2026-03-14T02:54:48+00:00","dateModified":"2026-03-16T01:30:39+00:00","description":"Sucre naturel, huiles naturelles, beurres nourrissants, caf\u00e9 ou citron ou hibiscus. \u00c9limine les cellules mortes, Adoucit et \u00e9claircit la peau","breadcrumb":{"@id":"https:\/\/saranaturels.com\/produit\/gommage-naturel-de-corps-250gr\/#breadcrumb"},"inLanguage":"ar","potentialAction":[{"@type":"ReadAction","target":["https:\/\/saranaturels.com\/produit\/gommage-naturel-de-corps-250gr\/"]}]},{"@type":"ImageObject","inLanguage":"ar","@id":"https:\/\/saranaturels.com\/produit\/gommage-naturel-de-corps-250gr\/#primaryimage","url":"https:\/\/saranaturels.com\/wp-content\/uploads\/2026\/03\/gommage-CORPS.png","contentUrl":"https:\/\/saranaturels.com\/wp-content\/uploads\/2026\/03\/gommage-CORPS.png","width":1000,"height":1000},{"@type":"BreadcrumbList","@id":"https:\/\/saranaturels.com\/produit\/gommage-naturel-de-corps-250gr\/#breadcrumb","itemListElement":[{"@type":"ListItem","position":1,"name":"Accueil","item":"https:\/\/saranaturels.com\/"},{"@type":"ListItem","position":2,"name":"Boutique","item":"https:\/\/saranaturels.com\/boutique\/"},{"@type":"ListItem","position":3,"name":"Gommage Naturel de Corps 250Gr"}]},{"@type":"WebSite","@id":"https:\/\/saranaturels.com\/#website","url":"https:\/\/saranaturels.com\/","name":"Sara Naturels","description":"Keep It Natural","publisher":{"@id":"https:\/\/saranaturels.com\/#organization"},"potentialAction":[{"@type":"SearchAction","target":{"@type":"EntryPoint","urlTemplate":"https:\/\/saranaturels.com\/?s={search_term_string}"},"query-input":{"@type":"PropertyValueSpecification","valueRequired":true,"valueName":"search_term_string"}}],"inLanguage":"ar"},{"@type":"Organization","@id":"https:\/\/saranaturels.com\/#organization","name":"Sara Naturels","url":"https:\/\/saranaturels.com\/","logo":{"@type":"ImageObject","inLanguage":"ar","@id":"https:\/\/saranaturels.com\/#\/schema\/logo\/image\/","url":"https:\/\/saranaturels.com\/wp-content\/uploads\/2026\/03\/sara-naturels_Plan-de-travail-1.png","contentUrl":"https:\/\/saranaturels.com\/wp-content\/uploads\/2026\/03\/sara-naturels_Plan-de-travail-1.png","width":1900,"height":1900,"caption":"Sara Naturels"},"image":{"@id":"https:\/\/saranaturels.com\/#\/schema\/logo\/image\/"},"sameAs":["https:\/\/www.facebook.com\/profile.php?id=61583590318155&rdid=C9o2KHjybaDWiTzT&share_url=httpswww.facebook.comshare1F1doT5mxd#","https:\/\/www.instagram.com\/sara_naturels"]}]}},"_links":{"self":[{"href":"https:\/\/saranaturels.com\/ar\/wp-json\/wp\/v2\/product\/16291","targetHints":{"allow":["GET"]}}],"collection":[{"href":"https:\/\/saranaturels.com\/ar\/wp-json\/wp\/v2\/product"}],"about":[{"href":"https:\/\/saranaturels.com\/ar\/wp-json\/wp\/v2\/types\/product"}],"replies":[{"embeddable":true,"href":"https:\/\/saranaturels.com\/ar\/wp-json\/wp\/v2\/comments?post=16291"}],"version-history":[{"count":1,"href":"https:\/\/saranaturels.com\/ar\/wp-json\/wp\/v2\/product\/16291\/revisions"}],"predecessor-version":[{"id":16300,"href":"https:\/\/saranaturels.com\/ar\/wp-json\/wp\/v2\/product\/16291\/revisions\/16300"}],"wp:featuredmedia":[{"embeddable":true,"href":"https:\/\/saranaturels.com\/ar\/wp-json\/wp\/v2\/media\/16292"}],"wp:attachment":[{"href":"https:\/\/saranaturels.com\/ar\/wp-json\/wp\/v2\/media?parent=16291"}],"wp:term":[{"taxonomy":"product_brand","embeddable":true,"href":"https:\/\/saranaturels.com\/ar\/wp-json\/wp\/v2\/product_brand?post=16291"},{"taxonomy":"product_cat","embeddable":true,"href":"https:\/\/saranaturels.com\/ar\/wp-json\/wp\/v2\/product_cat?post=16291"},{"taxonomy":"product_tag","embeddable":true,"href":"https:\/\/saranaturels.com\/ar\/wp-json\/wp\/v2\/product_tag?post=16291"}],"curies":[{"name":"wp","href":"https:\/\/api.w.org\/{rel}","templated":true}]}}