{"id":16283,"date":"2026-03-14T02:38:18","date_gmt":"2026-03-14T02:38:18","guid":{"rendered":"https:\/\/saranaturels.com\/?post_type=product&#038;p=16283"},"modified":"2026-03-16T01:32:11","modified_gmt":"2026-03-16T01:32:11","slug":"spray-capillaire-a-base-de-distillat-dherbes-100ml","status":"publish","type":"product","link":"https:\/\/saranaturels.com\/ar\/product\/spray-capillaire-a-base-de-distillat-dherbes-100ml\/","title":{"rendered":"\u0628\u062e\u0627\u062e \u0644\u0644\u0634\u0639\u0631 \u0642\u0627\u0626\u0645 \u0639\u0644\u0649 \u0645\u0633\u062a\u062e\u0644\u0635 \u0627\u0644\u0623\u0639\u0634\u0627\u0628 100 \u0645\u0644"},"content":{"rendered":"<div class=\"flex flex-col text-sm pb-25\">\n<article class=\"text-token-text-primary w-full focus:outline-none [--shadow-height:45px] has-data-writing-block:pointer-events-none has-data-writing-block:-mt-(--shadow-height) has-data-writing-block:pt-(--shadow-height) [&amp;:has([data-writing-block])&gt;*]:pointer-events-auto scroll-mt-[calc(var(--header-height)+min(200px,max(70px,20svh)))]\" dir=\"auto\" tabindex=\"-1\" data-turn-id=\"request-WEB:f963974e-fbb9-4b32-a393-b62044edb1f1-0\" data-testid=\"conversation-turn-2\" data-scroll-anchor=\"true\" data-turn=\"assistant\">\n<div class=\"text-base my-auto mx-auto pb-10 [--thread-content-margin:var(--thread-content-margin-xs,calc(var(--spacing)*4))] @w-sm\/main:[--thread-content-margin:var(--thread-content-margin-sm,calc(var(--spacing)*6))] @w-lg\/main:[--thread-content-margin:var(--thread-content-margin-lg,calc(var(--spacing)*16))] px-(--thread-content-margin)\">\n<div class=\"[--thread-content-max-width:40rem] @w-lg\/main:[--thread-content-max-width:48rem] mx-auto max-w-(--thread-content-max-width) flex-1 group\/turn-messages focus-visible:outline-hidden relative flex w-full min-w-0 flex-col agent-turn\" tabindex=\"-1\">\n<div class=\"flex max-w-full flex-col gap-4 grow\">\n<div class=\"min-h-8 text-message relative flex w-full flex-col items-end gap-2 text-start break-words whitespace-normal [.text-message+&amp;]:mt-1\" dir=\"auto\" data-message-author-role=\"assistant\" data-message-id=\"e49c5aa2-5b3b-41ef-8433-118c9c4d6160\" data-message-model-slug=\"gpt-5-3\">\n<div class=\"flex w-full flex-col gap-1 empty:hidden\">\n<div class=\"markdown prose dark:prose-invert w-full wrap-break-word light markdown-new-styling\">\n<p data-start=\"0\" data-end=\"145\">Convient \u00e0 une utilisation quotidienne et apporte de tr\u00e8s bons r\u00e9sultats pour les cheveux.<\/p>\n<p data-start=\"147\" data-end=\"519\"><strong data-start=\"147\" data-end=\"173\">Principaux bienfaits :<\/strong><br data-start=\"173\" data-end=\"176\" \/>Renforce les racines et stimule le cuir chevelu<br data-start=\"226\" data-end=\"229\" data-is-only-node=\"\" \/>Favorise la pousse des cheveux et aide \u00e0 r\u00e9duire la chute<br data-start=\"289\" data-end=\"292\" \/>Hydrate les cheveux et r\u00e9duit la s\u00e9cheresse<br data-start=\"338\" data-end=\"341\" \/>Apporte brillance et vitalit\u00e9 sans alourdir les cheveux<br data-start=\"398\" data-end=\"401\" \/>Aide \u00e0 r\u00e9duire les pellicules et les d\u00e9mangeaisons<br data-start=\"454\" data-end=\"457\" \/>Parfume les cheveux avec une senteur naturelle et fra\u00eeche<\/p>\n<p data-start=\"521\" data-end=\"682\" data-is-last-node=\"\" data-is-only-node=\"\"><strong data-start=\"521\" data-end=\"545\">Mode d\u2019utilisation :<\/strong><br data-start=\"545\" data-end=\"548\" \/>Vaporiser sur le cuir chevelu et les cheveux en massant l\u00e9g\u00e8rement. \u00c0 utiliser quotidiennement sur cheveux secs ou l\u00e9g\u00e8rement humides.<\/p>\n<\/div>\n<\/div>\n<\/div>\n<\/div>\n<div class=\"z-0 flex min-h-[46px] justify-start\"><\/div>\n<div class=\"mt-3 w-full empty:hidden\">\n<div class=\"text-center\"><\/div>\n<\/div>\n<\/div>\n<\/div>\n<\/article>\n<\/div>\n<div class=\"pointer-events-none h-px w-px absolute bottom-0\" aria-hidden=\"true\" data-edge=\"true\"><\/div>\n","protected":false},"excerpt":{"rendered":"<p>Convient \u00e0 une utilisation quotidienne et apporte de tr\u00e8s bons r\u00e9sultats pour les cheveux. Principaux bienfaits :Renforce les racines et<\/p>","protected":false},"featured_media":16284,"comment_status":"open","ping_status":"closed","template":"","meta":[],"product_brand":[78],"product_cat":[18],"product_tag":[92,93,100],"class_list":{"0":"post-16283","1":"product","2":"type-product","3":"status-publish","4":"has-post-thumbnail","6":"product_brand-saranaturels","7":"product_cat-soins-de-cheveux","8":"product_tag-cheveux","9":"product_tag-soins","10":"product_tag-spray","12":"first","13":"instock","14":"taxable","15":"shipping-taxable","16":"purchasable","17":"product-type-simple"},"yoast_head":"<!-- This site is optimized with the Yoast SEO plugin v27.3 - https:\/\/yoast.com\/product\/yoast-seo-wordpress\/ -->\n<title>Spray capillaire \u00e0 base de distillat d\u2019herbes 100ml - Sara Naturels<\/title>\n<meta name=\"description\" content=\"Convient \u00e0 une utilisation quotidienne et apporte de tr\u00e8s bons r\u00e9sultats pour les cheveux. Renforce les racines et stimule le cuir chevelu\" \/>\n<meta name=\"robots\" content=\"index, follow, max-snippet:-1, max-image-preview:large, max-video-preview:-1\" \/>\n<link rel=\"canonical\" href=\"https:\/\/saranaturels.com\/ar\/product\/spray-capillaire-a-base-de-distillat-dherbes-100ml\/\" \/>\n<meta property=\"og:locale\" content=\"ar_AR\" \/>\n<meta property=\"og:type\" content=\"article\" \/>\n<meta property=\"og:title\" content=\"Spray capillaire \u00e0 base de distillat d\u2019herbes 100ml - Sara Naturels\" \/>\n<meta property=\"og:description\" content=\"Convient \u00e0 une utilisation quotidienne et apporte de tr\u00e8s bons r\u00e9sultats pour les cheveux. Renforce les racines et stimule le cuir chevelu\" \/>\n<meta property=\"og:url\" content=\"https:\/\/saranaturels.com\/ar\/product\/spray-capillaire-a-base-de-distillat-dherbes-100ml\/\" \/>\n<meta property=\"og:site_name\" content=\"Sara Naturels\" \/>\n<meta property=\"article:publisher\" content=\"https:\/\/www.facebook.com\/profile.php?id=61583590318155&amp;rdid=C9o2KHjybaDWiTzT&amp;share_url=httpswww.facebook.comshare1F1doT5mxd#\" \/>\n<meta property=\"article:modified_time\" content=\"2026-03-16T01:32:11+00:00\" \/>\n<meta property=\"og:image\" content=\"https:\/\/saranaturels.com\/wp-content\/uploads\/2026\/03\/spray-cheveux-herbres.png\" \/>\n\t<meta property=\"og:image:width\" content=\"1000\" \/>\n\t<meta property=\"og:image:height\" content=\"1000\" \/>\n\t<meta property=\"og:image:type\" content=\"image\/png\" \/>\n<meta name=\"twitter:card\" content=\"summary_large_image\" \/>\n<meta name=\"twitter:label1\" content=\"\u0648\u0642\u062a \u0627\u0644\u0642\u0631\u0627\u0621\u0629 \u0627\u0644\u0645\u064f\u0642\u062f\u0651\u0631\" \/>\n\t<meta name=\"twitter:data1\" content=\"\u062f\u0642\u064a\u0642\u0629 \u0648\u0627\u062d\u062f\u0629\" \/>\n<script type=\"application\/ld+json\" class=\"yoast-schema-graph\">{\"@context\":\"https:\\\/\\\/schema.org\",\"@graph\":[{\"@type\":\"WebPage\",\"@id\":\"https:\\\/\\\/saranaturels.com\\\/produit\\\/spray-capillaire-a-base-de-distillat-dherbes-100ml\\\/\",\"url\":\"https:\\\/\\\/saranaturels.com\\\/produit\\\/spray-capillaire-a-base-de-distillat-dherbes-100ml\\\/\",\"name\":\"Spray capillaire \u00e0 base de distillat d\u2019herbes 100ml - Sara Naturels\",\"isPartOf\":{\"@id\":\"https:\\\/\\\/saranaturels.com\\\/#website\"},\"primaryImageOfPage\":{\"@id\":\"https:\\\/\\\/saranaturels.com\\\/produit\\\/spray-capillaire-a-base-de-distillat-dherbes-100ml\\\/#primaryimage\"},\"image\":{\"@id\":\"https:\\\/\\\/saranaturels.com\\\/produit\\\/spray-capillaire-a-base-de-distillat-dherbes-100ml\\\/#primaryimage\"},\"thumbnailUrl\":\"https:\\\/\\\/saranaturels.com\\\/wp-content\\\/uploads\\\/2026\\\/03\\\/spray-cheveux-herbres.png\",\"datePublished\":\"2026-03-14T02:38:18+00:00\",\"dateModified\":\"2026-03-16T01:32:11+00:00\",\"description\":\"Convient \u00e0 une utilisation quotidienne et apporte de tr\u00e8s bons r\u00e9sultats pour les cheveux. Renforce les racines et stimule le cuir chevelu\",\"breadcrumb\":{\"@id\":\"https:\\\/\\\/saranaturels.com\\\/produit\\\/spray-capillaire-a-base-de-distillat-dherbes-100ml\\\/#breadcrumb\"},\"inLanguage\":\"ar\",\"potentialAction\":[{\"@type\":\"ReadAction\",\"target\":[\"https:\\\/\\\/saranaturels.com\\\/produit\\\/spray-capillaire-a-base-de-distillat-dherbes-100ml\\\/\"]}]},{\"@type\":\"ImageObject\",\"inLanguage\":\"ar\",\"@id\":\"https:\\\/\\\/saranaturels.com\\\/produit\\\/spray-capillaire-a-base-de-distillat-dherbes-100ml\\\/#primaryimage\",\"url\":\"https:\\\/\\\/saranaturels.com\\\/wp-content\\\/uploads\\\/2026\\\/03\\\/spray-cheveux-herbres.png\",\"contentUrl\":\"https:\\\/\\\/saranaturels.com\\\/wp-content\\\/uploads\\\/2026\\\/03\\\/spray-cheveux-herbres.png\",\"width\":1000,\"height\":1000},{\"@type\":\"BreadcrumbList\",\"@id\":\"https:\\\/\\\/saranaturels.com\\\/produit\\\/spray-capillaire-a-base-de-distillat-dherbes-100ml\\\/#breadcrumb\",\"itemListElement\":[{\"@type\":\"ListItem\",\"position\":1,\"name\":\"Accueil\",\"item\":\"https:\\\/\\\/saranaturels.com\\\/\"},{\"@type\":\"ListItem\",\"position\":2,\"name\":\"Boutique\",\"item\":\"https:\\\/\\\/saranaturels.com\\\/boutique\\\/\"},{\"@type\":\"ListItem\",\"position\":3,\"name\":\"Spray capillaire \u00e0 base de distillat d\u2019herbes 100ml\"}]},{\"@type\":\"WebSite\",\"@id\":\"https:\\\/\\\/saranaturels.com\\\/#website\",\"url\":\"https:\\\/\\\/saranaturels.com\\\/\",\"name\":\"Sara Naturels\",\"description\":\"Keep It Natural\",\"publisher\":{\"@id\":\"https:\\\/\\\/saranaturels.com\\\/#organization\"},\"potentialAction\":[{\"@type\":\"SearchAction\",\"target\":{\"@type\":\"EntryPoint\",\"urlTemplate\":\"https:\\\/\\\/saranaturels.com\\\/?s={search_term_string}\"},\"query-input\":{\"@type\":\"PropertyValueSpecification\",\"valueRequired\":true,\"valueName\":\"search_term_string\"}}],\"inLanguage\":\"ar\"},{\"@type\":\"Organization\",\"@id\":\"https:\\\/\\\/saranaturels.com\\\/#organization\",\"name\":\"Sara Naturels\",\"url\":\"https:\\\/\\\/saranaturels.com\\\/\",\"logo\":{\"@type\":\"ImageObject\",\"inLanguage\":\"ar\",\"@id\":\"https:\\\/\\\/saranaturels.com\\\/#\\\/schema\\\/logo\\\/image\\\/\",\"url\":\"https:\\\/\\\/saranaturels.com\\\/wp-content\\\/uploads\\\/2026\\\/03\\\/sara-naturels_Plan-de-travail-1.png\",\"contentUrl\":\"https:\\\/\\\/saranaturels.com\\\/wp-content\\\/uploads\\\/2026\\\/03\\\/sara-naturels_Plan-de-travail-1.png\",\"width\":1900,\"height\":1900,\"caption\":\"Sara Naturels\"},\"image\":{\"@id\":\"https:\\\/\\\/saranaturels.com\\\/#\\\/schema\\\/logo\\\/image\\\/\"},\"sameAs\":[\"https:\\\/\\\/www.facebook.com\\\/profile.php?id=61583590318155&rdid=C9o2KHjybaDWiTzT&share_url=httpswww.facebook.comshare1F1doT5mxd#\",\"https:\\\/\\\/www.instagram.com\\\/sara_naturels\"]}]}<\/script>\n<!-- \/ Yoast SEO plugin. -->","yoast_head_json":{"title":"Spray capillaire \u00e0 base de distillat d\u2019herbes 100ml - Sara Naturels","description":"Convient \u00e0 une utilisation quotidienne et apporte de tr\u00e8s bons r\u00e9sultats pour les cheveux. Renforce les racines et stimule le cuir chevelu","robots":{"index":"index","follow":"follow","max-snippet":"max-snippet:-1","max-image-preview":"max-image-preview:large","max-video-preview":"max-video-preview:-1"},"canonical":"https:\/\/saranaturels.com\/ar\/product\/spray-capillaire-a-base-de-distillat-dherbes-100ml\/","og_locale":"ar_AR","og_type":"article","og_title":"Spray capillaire \u00e0 base de distillat d\u2019herbes 100ml - Sara Naturels","og_description":"Convient \u00e0 une utilisation quotidienne et apporte de tr\u00e8s bons r\u00e9sultats pour les cheveux. Renforce les racines et stimule le cuir chevelu","og_url":"https:\/\/saranaturels.com\/ar\/product\/spray-capillaire-a-base-de-distillat-dherbes-100ml\/","og_site_name":"Sara Naturels","article_publisher":"https:\/\/www.facebook.com\/profile.php?id=61583590318155&rdid=C9o2KHjybaDWiTzT&share_url=httpswww.facebook.comshare1F1doT5mxd#","article_modified_time":"2026-03-16T01:32:11+00:00","og_image":[{"width":1000,"height":1000,"url":"https:\/\/saranaturels.com\/wp-content\/uploads\/2026\/03\/spray-cheveux-herbres.png","type":"image\/png"}],"twitter_card":"summary_large_image","twitter_misc":{"\u0648\u0642\u062a \u0627\u0644\u0642\u0631\u0627\u0621\u0629 \u0627\u0644\u0645\u064f\u0642\u062f\u0651\u0631":"\u062f\u0642\u064a\u0642\u0629 \u0648\u0627\u062d\u062f\u0629"},"schema":{"@context":"https:\/\/schema.org","@graph":[{"@type":"WebPage","@id":"https:\/\/saranaturels.com\/produit\/spray-capillaire-a-base-de-distillat-dherbes-100ml\/","url":"https:\/\/saranaturels.com\/produit\/spray-capillaire-a-base-de-distillat-dherbes-100ml\/","name":"Spray capillaire \u00e0 base de distillat d\u2019herbes 100ml - Sara Naturels","isPartOf":{"@id":"https:\/\/saranaturels.com\/#website"},"primaryImageOfPage":{"@id":"https:\/\/saranaturels.com\/produit\/spray-capillaire-a-base-de-distillat-dherbes-100ml\/#primaryimage"},"image":{"@id":"https:\/\/saranaturels.com\/produit\/spray-capillaire-a-base-de-distillat-dherbes-100ml\/#primaryimage"},"thumbnailUrl":"https:\/\/saranaturels.com\/wp-content\/uploads\/2026\/03\/spray-cheveux-herbres.png","datePublished":"2026-03-14T02:38:18+00:00","dateModified":"2026-03-16T01:32:11+00:00","description":"Convient \u00e0 une utilisation quotidienne et apporte de tr\u00e8s bons r\u00e9sultats pour les cheveux. Renforce les racines et stimule le cuir chevelu","breadcrumb":{"@id":"https:\/\/saranaturels.com\/produit\/spray-capillaire-a-base-de-distillat-dherbes-100ml\/#breadcrumb"},"inLanguage":"ar","potentialAction":[{"@type":"ReadAction","target":["https:\/\/saranaturels.com\/produit\/spray-capillaire-a-base-de-distillat-dherbes-100ml\/"]}]},{"@type":"ImageObject","inLanguage":"ar","@id":"https:\/\/saranaturels.com\/produit\/spray-capillaire-a-base-de-distillat-dherbes-100ml\/#primaryimage","url":"https:\/\/saranaturels.com\/wp-content\/uploads\/2026\/03\/spray-cheveux-herbres.png","contentUrl":"https:\/\/saranaturels.com\/wp-content\/uploads\/2026\/03\/spray-cheveux-herbres.png","width":1000,"height":1000},{"@type":"BreadcrumbList","@id":"https:\/\/saranaturels.com\/produit\/spray-capillaire-a-base-de-distillat-dherbes-100ml\/#breadcrumb","itemListElement":[{"@type":"ListItem","position":1,"name":"Accueil","item":"https:\/\/saranaturels.com\/"},{"@type":"ListItem","position":2,"name":"Boutique","item":"https:\/\/saranaturels.com\/boutique\/"},{"@type":"ListItem","position":3,"name":"Spray capillaire \u00e0 base de distillat d\u2019herbes 100ml"}]},{"@type":"WebSite","@id":"https:\/\/saranaturels.com\/#website","url":"https:\/\/saranaturels.com\/","name":"Sara Naturels","description":"Keep It Natural","publisher":{"@id":"https:\/\/saranaturels.com\/#organization"},"potentialAction":[{"@type":"SearchAction","target":{"@type":"EntryPoint","urlTemplate":"https:\/\/saranaturels.com\/?s={search_term_string}"},"query-input":{"@type":"PropertyValueSpecification","valueRequired":true,"valueName":"search_term_string"}}],"inLanguage":"ar"},{"@type":"Organization","@id":"https:\/\/saranaturels.com\/#organization","name":"Sara Naturels","url":"https:\/\/saranaturels.com\/","logo":{"@type":"ImageObject","inLanguage":"ar","@id":"https:\/\/saranaturels.com\/#\/schema\/logo\/image\/","url":"https:\/\/saranaturels.com\/wp-content\/uploads\/2026\/03\/sara-naturels_Plan-de-travail-1.png","contentUrl":"https:\/\/saranaturels.com\/wp-content\/uploads\/2026\/03\/sara-naturels_Plan-de-travail-1.png","width":1900,"height":1900,"caption":"Sara Naturels"},"image":{"@id":"https:\/\/saranaturels.com\/#\/schema\/logo\/image\/"},"sameAs":["https:\/\/www.facebook.com\/profile.php?id=61583590318155&rdid=C9o2KHjybaDWiTzT&share_url=httpswww.facebook.comshare1F1doT5mxd#","https:\/\/www.instagram.com\/sara_naturels"]}]}},"_links":{"self":[{"href":"https:\/\/saranaturels.com\/ar\/wp-json\/wp\/v2\/product\/16283","targetHints":{"allow":["GET"]}}],"collection":[{"href":"https:\/\/saranaturels.com\/ar\/wp-json\/wp\/v2\/product"}],"about":[{"href":"https:\/\/saranaturels.com\/ar\/wp-json\/wp\/v2\/types\/product"}],"replies":[{"embeddable":true,"href":"https:\/\/saranaturels.com\/ar\/wp-json\/wp\/v2\/comments?post=16283"}],"version-history":[{"count":1,"href":"https:\/\/saranaturels.com\/ar\/wp-json\/wp\/v2\/product\/16283\/revisions"}],"predecessor-version":[{"id":16286,"href":"https:\/\/saranaturels.com\/ar\/wp-json\/wp\/v2\/product\/16283\/revisions\/16286"}],"wp:featuredmedia":[{"embeddable":true,"href":"https:\/\/saranaturels.com\/ar\/wp-json\/wp\/v2\/media\/16284"}],"wp:attachment":[{"href":"https:\/\/saranaturels.com\/ar\/wp-json\/wp\/v2\/media?parent=16283"}],"wp:term":[{"taxonomy":"product_brand","embeddable":true,"href":"https:\/\/saranaturels.com\/ar\/wp-json\/wp\/v2\/product_brand?post=16283"},{"taxonomy":"product_cat","embeddable":true,"href":"https:\/\/saranaturels.com\/ar\/wp-json\/wp\/v2\/product_cat?post=16283"},{"taxonomy":"product_tag","embeddable":true,"href":"https:\/\/saranaturels.com\/ar\/wp-json\/wp\/v2\/product_tag?post=16283"}],"curies":[{"name":"wp","href":"https:\/\/api.w.org\/{rel}","templated":true}]}}