{"id":16279,"date":"2026-03-14T02:33:34","date_gmt":"2026-03-14T02:33:34","guid":{"rendered":"https:\/\/saranaturels.com\/?post_type=product&#038;p=16279"},"modified":"2026-03-16T01:33:10","modified_gmt":"2026-03-16T01:33:10","slug":"the-royle-100gr","status":"publish","type":"product","link":"https:\/\/saranaturels.com\/ar\/product\/the-royle-100gr\/","title":{"rendered":"\u0634\u0627\u064a \u0645\u0644\u0643\u064a 100 \u063a\u0631\u0627\u0645"},"content":{"rendered":"<p><strong>\u0627\u0644\u0645\u0643\u0648\u0646\u0627\u062a<\/strong><br \/>\n\u0648\u0631\u062f \u0637\u0628\u064a\u0639\u064a<br \/>\n\u0642\u0631\u0641\u0629<br \/>\n\u0642\u0631\u0646\u0641\u0644<br \/>\n\u0647\u064a\u0644<br \/>\n\u0643\u0631\u0643\u062f\u064a\u0647<br \/>\n\u064a\u0627\u0646\u0633\u0648\u0646 \u0646\u062c\u0645\u064a (\u0628\u0627\u062f\u064a\u0627\u0646)<br \/>\n<strong>\u0627\u0644\u0641\u0648\u0627\u0626\u062f:<\/strong><br \/>\n\u064a\u0647\u062f\u0626 \u0627\u0644\u0623\u0639\u0635\u0627\u0628 \u0648\u064a\u0639\u0632\u0632 \u0627\u0644\u0627\u0633\u062a\u0631\u062e\u0627\u0621<br \/>\n\u064a\u062d\u0633\u0651\u0646 \u0627\u0644\u0647\u0636\u0645 \u0648\u064a\u0642\u0644\u0644 \u0627\u0644\u0627\u0646\u062a\u0641\u0627\u062e<br \/>\n\u064a\u0642\u0648\u064a \u062c\u0647\u0627\u0632 \u0627\u0644\u0645\u0646\u0627\u0639\u0629<br \/>\n\u064a\u0633\u0627\u0639\u062f \u0639\u0644\u0649 \u0627\u0644\u062a\u062e\u0644\u0635 \u0645\u0646 \u0627\u0644\u0633\u0645\u0648\u0645 \u0641\u064a \u0627\u0644\u062c\u0633\u0645<br \/>\n\u064a\u0633\u0627\u0647\u0645 \u0641\u064a \u0627\u0644\u062a\u0648\u0627\u0632\u0646 \u0627\u0644\u0647\u0631\u0645\u0648\u0646\u064a (\u062e\u0627\u0635\u0629 \u0644\u062f\u0649 \u0627\u0644\u0646\u0633\u0627\u0621)<br \/>\n\u064a\u0645\u0646\u062d \u0627\u0644\u062f\u0641\u0621 \u0648\u0627\u0644\u0637\u0627\u0642\u0629<br \/>\n\u064a\u0639\u0632\u0632 \u0635\u062d\u0629 \u0627\u0644\u0642\u0644\u0628 \u0648\u0627\u0644\u0623\u0648\u0639\u064a\u0629 \u0627\u0644\u062f\u0645\u0648\u064a\u0629<br \/>\n\u064a\u062d\u0633\u0646 \u0627\u0644\u0645\u0632\u0627\u062c \u0648\u064a\u0642\u0644\u0644 \u0627\u0644\u062a\u0648\u062a\u0631<\/p>","protected":false},"excerpt":{"rendered":"<p>Ingr\u00e9dients Rose naturelle Cannelle Clou de girofle Cardamome Hibiscus Badiane (anis \u00e9toil\u00e9) Bienfaits Apaise les nerfs et favorise la relaxation<\/p>","protected":false},"featured_media":16280,"comment_status":"open","ping_status":"closed","template":"","meta":[],"product_brand":[78],"product_cat":[77],"product_tag":[87,99],"class_list":{"0":"post-16279","1":"product","2":"type-product","3":"status-publish","4":"has-post-thumbnail","6":"product_brand-saranaturels","7":"product_cat-the-infusion","8":"product_tag-royale","9":"product_tag-the","11":"first","12":"instock","13":"taxable","14":"shipping-taxable","15":"purchasable","16":"product-type-simple"},"yoast_head":"<!-- This site is optimized with the Yoast SEO plugin v27.3 - https:\/\/yoast.com\/product\/yoast-seo-wordpress\/ -->\n<title>Th\u00e9 royle 100Gr - Sara Naturels<\/title>\n<meta name=\"description\" content=\"Apaise les nerfs et favorise la relaxation, Am\u00e9liore la digestion et r\u00e9duit les ballonnements, Renforce le syst\u00e8me immunitaire\" \/>\n<meta name=\"robots\" content=\"index, follow, max-snippet:-1, max-image-preview:large, max-video-preview:-1\" \/>\n<link rel=\"canonical\" href=\"https:\/\/saranaturels.com\/ar\/product\/the-royle-100gr\/\" \/>\n<meta property=\"og:locale\" content=\"ar_AR\" \/>\n<meta property=\"og:type\" content=\"article\" \/>\n<meta property=\"og:title\" content=\"Th\u00e9 royle 100Gr - Sara Naturels\" \/>\n<meta property=\"og:description\" content=\"Apaise les nerfs et favorise la relaxation, Am\u00e9liore la digestion et r\u00e9duit les ballonnements, Renforce le syst\u00e8me immunitaire\" \/>\n<meta property=\"og:url\" content=\"https:\/\/saranaturels.com\/ar\/product\/the-royle-100gr\/\" \/>\n<meta property=\"og:site_name\" content=\"Sara Naturels\" \/>\n<meta property=\"article:publisher\" content=\"https:\/\/www.facebook.com\/profile.php?id=61583590318155&amp;rdid=C9o2KHjybaDWiTzT&amp;share_url=httpswww.facebook.comshare1F1doT5mxd#\" \/>\n<meta property=\"article:modified_time\" content=\"2026-03-16T01:33:10+00:00\" \/>\n<meta property=\"og:image\" content=\"https:\/\/saranaturels.com\/wp-content\/uploads\/2026\/03\/the-sara.png\" \/>\n\t<meta property=\"og:image:width\" content=\"1000\" \/>\n\t<meta property=\"og:image:height\" content=\"1000\" \/>\n\t<meta property=\"og:image:type\" content=\"image\/png\" \/>\n<meta name=\"twitter:card\" content=\"summary_large_image\" \/>\n<meta name=\"twitter:label1\" content=\"\u0648\u0642\u062a \u0627\u0644\u0642\u0631\u0627\u0621\u0629 \u0627\u0644\u0645\u064f\u0642\u062f\u0651\u0631\" \/>\n\t<meta name=\"twitter:data1\" content=\"\u062f\u0642\u064a\u0642\u0629 \u0648\u0627\u062d\u062f\u0629\" \/>\n<script type=\"application\/ld+json\" class=\"yoast-schema-graph\">{\"@context\":\"https:\\\/\\\/schema.org\",\"@graph\":[{\"@type\":\"WebPage\",\"@id\":\"https:\\\/\\\/saranaturels.com\\\/produit\\\/the-royle-100gr\\\/\",\"url\":\"https:\\\/\\\/saranaturels.com\\\/produit\\\/the-royle-100gr\\\/\",\"name\":\"Th\u00e9 royle 100Gr - Sara Naturels\",\"isPartOf\":{\"@id\":\"https:\\\/\\\/saranaturels.com\\\/#website\"},\"primaryImageOfPage\":{\"@id\":\"https:\\\/\\\/saranaturels.com\\\/produit\\\/the-royle-100gr\\\/#primaryimage\"},\"image\":{\"@id\":\"https:\\\/\\\/saranaturels.com\\\/produit\\\/the-royle-100gr\\\/#primaryimage\"},\"thumbnailUrl\":\"https:\\\/\\\/saranaturels.com\\\/wp-content\\\/uploads\\\/2026\\\/03\\\/the-sara.png\",\"datePublished\":\"2026-03-14T02:33:34+00:00\",\"dateModified\":\"2026-03-16T01:33:10+00:00\",\"description\":\"Apaise les nerfs et favorise la relaxation, Am\u00e9liore la digestion et r\u00e9duit les ballonnements, Renforce le syst\u00e8me immunitaire\",\"breadcrumb\":{\"@id\":\"https:\\\/\\\/saranaturels.com\\\/produit\\\/the-royle-100gr\\\/#breadcrumb\"},\"inLanguage\":\"ar\",\"potentialAction\":[{\"@type\":\"ReadAction\",\"target\":[\"https:\\\/\\\/saranaturels.com\\\/produit\\\/the-royle-100gr\\\/\"]}]},{\"@type\":\"ImageObject\",\"inLanguage\":\"ar\",\"@id\":\"https:\\\/\\\/saranaturels.com\\\/produit\\\/the-royle-100gr\\\/#primaryimage\",\"url\":\"https:\\\/\\\/saranaturels.com\\\/wp-content\\\/uploads\\\/2026\\\/03\\\/the-sara.png\",\"contentUrl\":\"https:\\\/\\\/saranaturels.com\\\/wp-content\\\/uploads\\\/2026\\\/03\\\/the-sara.png\",\"width\":1000,\"height\":1000},{\"@type\":\"BreadcrumbList\",\"@id\":\"https:\\\/\\\/saranaturels.com\\\/produit\\\/the-royle-100gr\\\/#breadcrumb\",\"itemListElement\":[{\"@type\":\"ListItem\",\"position\":1,\"name\":\"Accueil\",\"item\":\"https:\\\/\\\/saranaturels.com\\\/\"},{\"@type\":\"ListItem\",\"position\":2,\"name\":\"Boutique\",\"item\":\"https:\\\/\\\/saranaturels.com\\\/boutique\\\/\"},{\"@type\":\"ListItem\",\"position\":3,\"name\":\"Th\u00e9 royle 100Gr\"}]},{\"@type\":\"WebSite\",\"@id\":\"https:\\\/\\\/saranaturels.com\\\/#website\",\"url\":\"https:\\\/\\\/saranaturels.com\\\/\",\"name\":\"Sara Naturels\",\"description\":\"Keep It Natural\",\"publisher\":{\"@id\":\"https:\\\/\\\/saranaturels.com\\\/#organization\"},\"potentialAction\":[{\"@type\":\"SearchAction\",\"target\":{\"@type\":\"EntryPoint\",\"urlTemplate\":\"https:\\\/\\\/saranaturels.com\\\/?s={search_term_string}\"},\"query-input\":{\"@type\":\"PropertyValueSpecification\",\"valueRequired\":true,\"valueName\":\"search_term_string\"}}],\"inLanguage\":\"ar\"},{\"@type\":\"Organization\",\"@id\":\"https:\\\/\\\/saranaturels.com\\\/#organization\",\"name\":\"Sara Naturels\",\"url\":\"https:\\\/\\\/saranaturels.com\\\/\",\"logo\":{\"@type\":\"ImageObject\",\"inLanguage\":\"ar\",\"@id\":\"https:\\\/\\\/saranaturels.com\\\/#\\\/schema\\\/logo\\\/image\\\/\",\"url\":\"https:\\\/\\\/saranaturels.com\\\/wp-content\\\/uploads\\\/2026\\\/03\\\/sara-naturels_Plan-de-travail-1.png\",\"contentUrl\":\"https:\\\/\\\/saranaturels.com\\\/wp-content\\\/uploads\\\/2026\\\/03\\\/sara-naturels_Plan-de-travail-1.png\",\"width\":1900,\"height\":1900,\"caption\":\"Sara Naturels\"},\"image\":{\"@id\":\"https:\\\/\\\/saranaturels.com\\\/#\\\/schema\\\/logo\\\/image\\\/\"},\"sameAs\":[\"https:\\\/\\\/www.facebook.com\\\/profile.php?id=61583590318155&rdid=C9o2KHjybaDWiTzT&share_url=httpswww.facebook.comshare1F1doT5mxd#\",\"https:\\\/\\\/www.instagram.com\\\/sara_naturels\"]}]}<\/script>\n<!-- \/ Yoast SEO plugin. -->","yoast_head_json":{"title":"Th\u00e9 royle 100Gr - Sara Naturels","description":"Apaise les nerfs et favorise la relaxation, Am\u00e9liore la digestion et r\u00e9duit les ballonnements, Renforce le syst\u00e8me immunitaire","robots":{"index":"index","follow":"follow","max-snippet":"max-snippet:-1","max-image-preview":"max-image-preview:large","max-video-preview":"max-video-preview:-1"},"canonical":"https:\/\/saranaturels.com\/ar\/product\/the-royle-100gr\/","og_locale":"ar_AR","og_type":"article","og_title":"Th\u00e9 royle 100Gr - Sara Naturels","og_description":"Apaise les nerfs et favorise la relaxation, Am\u00e9liore la digestion et r\u00e9duit les ballonnements, Renforce le syst\u00e8me immunitaire","og_url":"https:\/\/saranaturels.com\/ar\/product\/the-royle-100gr\/","og_site_name":"Sara Naturels","article_publisher":"https:\/\/www.facebook.com\/profile.php?id=61583590318155&rdid=C9o2KHjybaDWiTzT&share_url=httpswww.facebook.comshare1F1doT5mxd#","article_modified_time":"2026-03-16T01:33:10+00:00","og_image":[{"width":1000,"height":1000,"url":"https:\/\/saranaturels.com\/wp-content\/uploads\/2026\/03\/the-sara.png","type":"image\/png"}],"twitter_card":"summary_large_image","twitter_misc":{"\u0648\u0642\u062a \u0627\u0644\u0642\u0631\u0627\u0621\u0629 \u0627\u0644\u0645\u064f\u0642\u062f\u0651\u0631":"\u062f\u0642\u064a\u0642\u0629 \u0648\u0627\u062d\u062f\u0629"},"schema":{"@context":"https:\/\/schema.org","@graph":[{"@type":"WebPage","@id":"https:\/\/saranaturels.com\/produit\/the-royle-100gr\/","url":"https:\/\/saranaturels.com\/produit\/the-royle-100gr\/","name":"Th\u00e9 royle 100Gr - Sara Naturels","isPartOf":{"@id":"https:\/\/saranaturels.com\/#website"},"primaryImageOfPage":{"@id":"https:\/\/saranaturels.com\/produit\/the-royle-100gr\/#primaryimage"},"image":{"@id":"https:\/\/saranaturels.com\/produit\/the-royle-100gr\/#primaryimage"},"thumbnailUrl":"https:\/\/saranaturels.com\/wp-content\/uploads\/2026\/03\/the-sara.png","datePublished":"2026-03-14T02:33:34+00:00","dateModified":"2026-03-16T01:33:10+00:00","description":"Apaise les nerfs et favorise la relaxation, Am\u00e9liore la digestion et r\u00e9duit les ballonnements, Renforce le syst\u00e8me immunitaire","breadcrumb":{"@id":"https:\/\/saranaturels.com\/produit\/the-royle-100gr\/#breadcrumb"},"inLanguage":"ar","potentialAction":[{"@type":"ReadAction","target":["https:\/\/saranaturels.com\/produit\/the-royle-100gr\/"]}]},{"@type":"ImageObject","inLanguage":"ar","@id":"https:\/\/saranaturels.com\/produit\/the-royle-100gr\/#primaryimage","url":"https:\/\/saranaturels.com\/wp-content\/uploads\/2026\/03\/the-sara.png","contentUrl":"https:\/\/saranaturels.com\/wp-content\/uploads\/2026\/03\/the-sara.png","width":1000,"height":1000},{"@type":"BreadcrumbList","@id":"https:\/\/saranaturels.com\/produit\/the-royle-100gr\/#breadcrumb","itemListElement":[{"@type":"ListItem","position":1,"name":"Accueil","item":"https:\/\/saranaturels.com\/"},{"@type":"ListItem","position":2,"name":"Boutique","item":"https:\/\/saranaturels.com\/boutique\/"},{"@type":"ListItem","position":3,"name":"Th\u00e9 royle 100Gr"}]},{"@type":"WebSite","@id":"https:\/\/saranaturels.com\/#website","url":"https:\/\/saranaturels.com\/","name":"Sara Naturels","description":"Keep It Natural","publisher":{"@id":"https:\/\/saranaturels.com\/#organization"},"potentialAction":[{"@type":"SearchAction","target":{"@type":"EntryPoint","urlTemplate":"https:\/\/saranaturels.com\/?s={search_term_string}"},"query-input":{"@type":"PropertyValueSpecification","valueRequired":true,"valueName":"search_term_string"}}],"inLanguage":"ar"},{"@type":"Organization","@id":"https:\/\/saranaturels.com\/#organization","name":"Sara Naturels","url":"https:\/\/saranaturels.com\/","logo":{"@type":"ImageObject","inLanguage":"ar","@id":"https:\/\/saranaturels.com\/#\/schema\/logo\/image\/","url":"https:\/\/saranaturels.com\/wp-content\/uploads\/2026\/03\/sara-naturels_Plan-de-travail-1.png","contentUrl":"https:\/\/saranaturels.com\/wp-content\/uploads\/2026\/03\/sara-naturels_Plan-de-travail-1.png","width":1900,"height":1900,"caption":"Sara Naturels"},"image":{"@id":"https:\/\/saranaturels.com\/#\/schema\/logo\/image\/"},"sameAs":["https:\/\/www.facebook.com\/profile.php?id=61583590318155&rdid=C9o2KHjybaDWiTzT&share_url=httpswww.facebook.comshare1F1doT5mxd#","https:\/\/www.instagram.com\/sara_naturels"]}]}},"_links":{"self":[{"href":"https:\/\/saranaturels.com\/ar\/wp-json\/wp\/v2\/product\/16279","targetHints":{"allow":["GET"]}}],"collection":[{"href":"https:\/\/saranaturels.com\/ar\/wp-json\/wp\/v2\/product"}],"about":[{"href":"https:\/\/saranaturels.com\/ar\/wp-json\/wp\/v2\/types\/product"}],"replies":[{"embeddable":true,"href":"https:\/\/saranaturels.com\/ar\/wp-json\/wp\/v2\/comments?post=16279"}],"version-history":[{"count":1,"href":"https:\/\/saranaturels.com\/ar\/wp-json\/wp\/v2\/product\/16279\/revisions"}],"predecessor-version":[{"id":16282,"href":"https:\/\/saranaturels.com\/ar\/wp-json\/wp\/v2\/product\/16279\/revisions\/16282"}],"wp:featuredmedia":[{"embeddable":true,"href":"https:\/\/saranaturels.com\/ar\/wp-json\/wp\/v2\/media\/16280"}],"wp:attachment":[{"href":"https:\/\/saranaturels.com\/ar\/wp-json\/wp\/v2\/media?parent=16279"}],"wp:term":[{"taxonomy":"product_brand","embeddable":true,"href":"https:\/\/saranaturels.com\/ar\/wp-json\/wp\/v2\/product_brand?post=16279"},{"taxonomy":"product_cat","embeddable":true,"href":"https:\/\/saranaturels.com\/ar\/wp-json\/wp\/v2\/product_cat?post=16279"},{"taxonomy":"product_tag","embeddable":true,"href":"https:\/\/saranaturels.com\/ar\/wp-json\/wp\/v2\/product_tag?post=16279"}],"curies":[{"name":"wp","href":"https:\/\/api.w.org\/{rel}","templated":true}]}}