{"id":16273,"date":"2026-03-14T02:29:18","date_gmt":"2026-03-14T02:29:18","guid":{"rendered":"https:\/\/saranaturels.com\/?post_type=product&#038;p=16273"},"modified":"2026-03-16T01:35:14","modified_gmt":"2026-03-16T01:35:14","slug":"huile-de-carotte","status":"publish","type":"product","link":"https:\/\/saranaturels.com\/ar\/product\/huile-de-carotte\/","title":{"rendered":"\u0632\u064a\u062a \u0627\u0644\u062c\u0632\u0631"},"content":{"rendered":"<p><strong>\u0627\u0644\u0645\u0643\u0648\u0646\u0627\u062a<\/strong> :<br \/>\n\u0645\u0646\u0642\u0648\u0639 \u0627\u0644\u062c\u0632\u0631\u060c \u0632\u064a\u062a \u0627\u0644\u0644\u0648\u0632 \u0627\u0644\u062d\u0644\u0648\u060c \u0632\u064a\u062a \u062c\u0648\u0632 \u0627\u0644\u0647\u0646\u062f\u060c \u0632\u064a\u062a \u0627\u0644\u062c\u0648\u062c\u0648\u0628\u0627.<br \/>\n<strong>\u0627\u0644\u0641\u0648\u0627\u0626\u062f:<\/strong><br \/>\n\u064a\u063a\u0630\u064a \u0627\u0644\u0634\u0639\u0631 \u0628\u0639\u0645\u0642<br \/>\n\u064a\u0645\u0646\u062d\u0647 \u0644\u0645\u0639\u0627\u0646\u0627\u064b \u0648\u062d\u064a\u0648\u064a\u0629<br \/>\n\u064a\u0642\u0648\u064a \u0627\u0644\u0634\u0639\u0631 \u0627\u0644\u062c\u0627\u0641 \u0648\u0627\u0644\u0645\u062a\u0639\u0628<br \/>\n\u064a\u062d\u0645\u064a\u0647 \u0645\u0646 \u0627\u0644\u062a\u0642\u0635\u0641 \u0648\u0627\u0644\u062d\u0631\u0627\u0631\u0629<br \/>\n<strong>\u0637\u0631\u064a\u0642\u0629 \u0627\u0644\u0627\u0633\u062a\u062e\u062f\u0627\u0645:<\/strong><br \/>\n\u064a\u064f\u0648\u0636\u0639 \u0639\u0644\u0649 \u0627\u0644\u0623\u0637\u0631\u0627\u0641 \u0623\u0648 \u0639\u0644\u0649 \u0643\u0627\u0645\u0644 \u0627\u0644\u0634\u0639\u0631. \u064a\u064f\u062a\u0631\u0643 \u0644\u064a\u0645\u0646\u062d \u0644\u0645\u0639\u0627\u0646\u0627\u064b \u0648\u0645\u0638\u0647\u0631\u0627\u064b \u0635\u062d\u064a\u0627\u064b.<\/p>","protected":false},"excerpt":{"rendered":"<p>Ingr\u00e9dients : Mac\u00e9r\u00e2t de carotte, huile d\u2019amande douce, huile de coco, huile de jojoba. Bienfaits : Nourrit les cheveux en<\/p>","protected":false},"featured_media":16276,"comment_status":"open","ping_status":"closed","template":"","meta":[],"product_brand":[78],"product_cat":[18],"product_tag":[98,92,93],"class_list":{"0":"post-16273","1":"product","2":"type-product","3":"status-publish","4":"has-post-thumbnail","6":"product_brand-saranaturels","7":"product_cat-soins-de-cheveux","8":"product_tag-carotte","9":"product_tag-cheveux","10":"product_tag-soins","12":"first","13":"instock","14":"sale","15":"taxable","16":"shipping-taxable","17":"purchasable","18":"product-type-variable"},"yoast_head":"<!-- This site is optimized with the Yoast SEO plugin v27.3 - https:\/\/yoast.com\/product\/yoast-seo-wordpress\/ -->\n<title>Huile de Carotte - Sara Naturels<\/title>\n<meta name=\"description\" content=\"Appliquer sur les pointes ou sur toute la chevelure. Laisser pour donner brillance et aspect sain. Renforce les cheveux secs et fatigu\u00e9s\" \/>\n<meta name=\"robots\" content=\"index, follow, max-snippet:-1, max-image-preview:large, max-video-preview:-1\" \/>\n<link rel=\"canonical\" href=\"https:\/\/saranaturels.com\/ar\/product\/huile-de-carotte\/\" \/>\n<meta property=\"og:locale\" content=\"ar_AR\" \/>\n<meta property=\"og:type\" content=\"article\" \/>\n<meta property=\"og:title\" content=\"Huile de Carotte - Sara Naturels\" \/>\n<meta property=\"og:description\" content=\"Appliquer sur les pointes ou sur toute la chevelure. Laisser pour donner brillance et aspect sain. Renforce les cheveux secs et fatigu\u00e9s\" \/>\n<meta property=\"og:url\" content=\"https:\/\/saranaturels.com\/ar\/product\/huile-de-carotte\/\" \/>\n<meta property=\"og:site_name\" content=\"Sara Naturels\" \/>\n<meta property=\"article:publisher\" content=\"https:\/\/www.facebook.com\/profile.php?id=61583590318155&amp;rdid=C9o2KHjybaDWiTzT&amp;share_url=httpswww.facebook.comshare1F1doT5mxd#\" \/>\n<meta property=\"article:modified_time\" content=\"2026-03-16T01:35:14+00:00\" \/>\n<meta property=\"og:image\" content=\"https:\/\/saranaturels.com\/wp-content\/uploads\/2026\/03\/huile-carotte.png\" \/>\n\t<meta property=\"og:image:width\" content=\"1000\" \/>\n\t<meta property=\"og:image:height\" content=\"1000\" \/>\n\t<meta property=\"og:image:type\" content=\"image\/png\" \/>\n<meta name=\"twitter:card\" content=\"summary_large_image\" \/>\n<meta name=\"twitter:label1\" content=\"\u0648\u0642\u062a \u0627\u0644\u0642\u0631\u0627\u0621\u0629 \u0627\u0644\u0645\u064f\u0642\u062f\u0651\u0631\" \/>\n\t<meta name=\"twitter:data1\" content=\"\u062f\u0642\u064a\u0642\u0629 \u0648\u0627\u062d\u062f\u0629\" \/>\n<script type=\"application\/ld+json\" class=\"yoast-schema-graph\">{\"@context\":\"https:\\\/\\\/schema.org\",\"@graph\":[{\"@type\":\"WebPage\",\"@id\":\"https:\\\/\\\/saranaturels.com\\\/produit\\\/huile-de-carotte\\\/\",\"url\":\"https:\\\/\\\/saranaturels.com\\\/produit\\\/huile-de-carotte\\\/\",\"name\":\"Huile de Carotte - Sara Naturels\",\"isPartOf\":{\"@id\":\"https:\\\/\\\/saranaturels.com\\\/#website\"},\"primaryImageOfPage\":{\"@id\":\"https:\\\/\\\/saranaturels.com\\\/produit\\\/huile-de-carotte\\\/#primaryimage\"},\"image\":{\"@id\":\"https:\\\/\\\/saranaturels.com\\\/produit\\\/huile-de-carotte\\\/#primaryimage\"},\"thumbnailUrl\":\"https:\\\/\\\/saranaturels.com\\\/wp-content\\\/uploads\\\/2026\\\/03\\\/huile-carotte.png\",\"datePublished\":\"2026-03-14T02:29:18+00:00\",\"dateModified\":\"2026-03-16T01:35:14+00:00\",\"description\":\"Appliquer sur les pointes ou sur toute la chevelure. Laisser pour donner brillance et aspect sain. Renforce les cheveux secs et fatigu\u00e9s\",\"breadcrumb\":{\"@id\":\"https:\\\/\\\/saranaturels.com\\\/produit\\\/huile-de-carotte\\\/#breadcrumb\"},\"inLanguage\":\"ar\",\"potentialAction\":[{\"@type\":\"ReadAction\",\"target\":[\"https:\\\/\\\/saranaturels.com\\\/produit\\\/huile-de-carotte\\\/\"]}]},{\"@type\":\"ImageObject\",\"inLanguage\":\"ar\",\"@id\":\"https:\\\/\\\/saranaturels.com\\\/produit\\\/huile-de-carotte\\\/#primaryimage\",\"url\":\"https:\\\/\\\/saranaturels.com\\\/wp-content\\\/uploads\\\/2026\\\/03\\\/huile-carotte.png\",\"contentUrl\":\"https:\\\/\\\/saranaturels.com\\\/wp-content\\\/uploads\\\/2026\\\/03\\\/huile-carotte.png\",\"width\":1000,\"height\":1000},{\"@type\":\"BreadcrumbList\",\"@id\":\"https:\\\/\\\/saranaturels.com\\\/produit\\\/huile-de-carotte\\\/#breadcrumb\",\"itemListElement\":[{\"@type\":\"ListItem\",\"position\":1,\"name\":\"Accueil\",\"item\":\"https:\\\/\\\/saranaturels.com\\\/\"},{\"@type\":\"ListItem\",\"position\":2,\"name\":\"Boutique\",\"item\":\"https:\\\/\\\/saranaturels.com\\\/boutique\\\/\"},{\"@type\":\"ListItem\",\"position\":3,\"name\":\"Huile de Carotte\"}]},{\"@type\":\"WebSite\",\"@id\":\"https:\\\/\\\/saranaturels.com\\\/#website\",\"url\":\"https:\\\/\\\/saranaturels.com\\\/\",\"name\":\"Sara Naturels\",\"description\":\"Keep It Natural\",\"publisher\":{\"@id\":\"https:\\\/\\\/saranaturels.com\\\/#organization\"},\"potentialAction\":[{\"@type\":\"SearchAction\",\"target\":{\"@type\":\"EntryPoint\",\"urlTemplate\":\"https:\\\/\\\/saranaturels.com\\\/?s={search_term_string}\"},\"query-input\":{\"@type\":\"PropertyValueSpecification\",\"valueRequired\":true,\"valueName\":\"search_term_string\"}}],\"inLanguage\":\"ar\"},{\"@type\":\"Organization\",\"@id\":\"https:\\\/\\\/saranaturels.com\\\/#organization\",\"name\":\"Sara Naturels\",\"url\":\"https:\\\/\\\/saranaturels.com\\\/\",\"logo\":{\"@type\":\"ImageObject\",\"inLanguage\":\"ar\",\"@id\":\"https:\\\/\\\/saranaturels.com\\\/#\\\/schema\\\/logo\\\/image\\\/\",\"url\":\"https:\\\/\\\/saranaturels.com\\\/wp-content\\\/uploads\\\/2026\\\/03\\\/sara-naturels_Plan-de-travail-1.png\",\"contentUrl\":\"https:\\\/\\\/saranaturels.com\\\/wp-content\\\/uploads\\\/2026\\\/03\\\/sara-naturels_Plan-de-travail-1.png\",\"width\":1900,\"height\":1900,\"caption\":\"Sara Naturels\"},\"image\":{\"@id\":\"https:\\\/\\\/saranaturels.com\\\/#\\\/schema\\\/logo\\\/image\\\/\"},\"sameAs\":[\"https:\\\/\\\/www.facebook.com\\\/profile.php?id=61583590318155&rdid=C9o2KHjybaDWiTzT&share_url=httpswww.facebook.comshare1F1doT5mxd#\",\"https:\\\/\\\/www.instagram.com\\\/sara_naturels\"]}]}<\/script>\n<!-- \/ Yoast SEO plugin. -->","yoast_head_json":{"title":"Huile de Carotte - Sara Naturels","description":"Appliquer sur les pointes ou sur toute la chevelure. Laisser pour donner brillance et aspect sain. Renforce les cheveux secs et fatigu\u00e9s","robots":{"index":"index","follow":"follow","max-snippet":"max-snippet:-1","max-image-preview":"max-image-preview:large","max-video-preview":"max-video-preview:-1"},"canonical":"https:\/\/saranaturels.com\/ar\/product\/huile-de-carotte\/","og_locale":"ar_AR","og_type":"article","og_title":"Huile de Carotte - Sara Naturels","og_description":"Appliquer sur les pointes ou sur toute la chevelure. Laisser pour donner brillance et aspect sain. Renforce les cheveux secs et fatigu\u00e9s","og_url":"https:\/\/saranaturels.com\/ar\/product\/huile-de-carotte\/","og_site_name":"Sara Naturels","article_publisher":"https:\/\/www.facebook.com\/profile.php?id=61583590318155&rdid=C9o2KHjybaDWiTzT&share_url=httpswww.facebook.comshare1F1doT5mxd#","article_modified_time":"2026-03-16T01:35:14+00:00","og_image":[{"width":1000,"height":1000,"url":"https:\/\/saranaturels.com\/wp-content\/uploads\/2026\/03\/huile-carotte.png","type":"image\/png"}],"twitter_card":"summary_large_image","twitter_misc":{"\u0648\u0642\u062a \u0627\u0644\u0642\u0631\u0627\u0621\u0629 \u0627\u0644\u0645\u064f\u0642\u062f\u0651\u0631":"\u062f\u0642\u064a\u0642\u0629 \u0648\u0627\u062d\u062f\u0629"},"schema":{"@context":"https:\/\/schema.org","@graph":[{"@type":"WebPage","@id":"https:\/\/saranaturels.com\/produit\/huile-de-carotte\/","url":"https:\/\/saranaturels.com\/produit\/huile-de-carotte\/","name":"Huile de Carotte - Sara Naturels","isPartOf":{"@id":"https:\/\/saranaturels.com\/#website"},"primaryImageOfPage":{"@id":"https:\/\/saranaturels.com\/produit\/huile-de-carotte\/#primaryimage"},"image":{"@id":"https:\/\/saranaturels.com\/produit\/huile-de-carotte\/#primaryimage"},"thumbnailUrl":"https:\/\/saranaturels.com\/wp-content\/uploads\/2026\/03\/huile-carotte.png","datePublished":"2026-03-14T02:29:18+00:00","dateModified":"2026-03-16T01:35:14+00:00","description":"Appliquer sur les pointes ou sur toute la chevelure. Laisser pour donner brillance et aspect sain. Renforce les cheveux secs et fatigu\u00e9s","breadcrumb":{"@id":"https:\/\/saranaturels.com\/produit\/huile-de-carotte\/#breadcrumb"},"inLanguage":"ar","potentialAction":[{"@type":"ReadAction","target":["https:\/\/saranaturels.com\/produit\/huile-de-carotte\/"]}]},{"@type":"ImageObject","inLanguage":"ar","@id":"https:\/\/saranaturels.com\/produit\/huile-de-carotte\/#primaryimage","url":"https:\/\/saranaturels.com\/wp-content\/uploads\/2026\/03\/huile-carotte.png","contentUrl":"https:\/\/saranaturels.com\/wp-content\/uploads\/2026\/03\/huile-carotte.png","width":1000,"height":1000},{"@type":"BreadcrumbList","@id":"https:\/\/saranaturels.com\/produit\/huile-de-carotte\/#breadcrumb","itemListElement":[{"@type":"ListItem","position":1,"name":"Accueil","item":"https:\/\/saranaturels.com\/"},{"@type":"ListItem","position":2,"name":"Boutique","item":"https:\/\/saranaturels.com\/boutique\/"},{"@type":"ListItem","position":3,"name":"Huile de Carotte"}]},{"@type":"WebSite","@id":"https:\/\/saranaturels.com\/#website","url":"https:\/\/saranaturels.com\/","name":"Sara Naturels","description":"Keep It Natural","publisher":{"@id":"https:\/\/saranaturels.com\/#organization"},"potentialAction":[{"@type":"SearchAction","target":{"@type":"EntryPoint","urlTemplate":"https:\/\/saranaturels.com\/?s={search_term_string}"},"query-input":{"@type":"PropertyValueSpecification","valueRequired":true,"valueName":"search_term_string"}}],"inLanguage":"ar"},{"@type":"Organization","@id":"https:\/\/saranaturels.com\/#organization","name":"Sara Naturels","url":"https:\/\/saranaturels.com\/","logo":{"@type":"ImageObject","inLanguage":"ar","@id":"https:\/\/saranaturels.com\/#\/schema\/logo\/image\/","url":"https:\/\/saranaturels.com\/wp-content\/uploads\/2026\/03\/sara-naturels_Plan-de-travail-1.png","contentUrl":"https:\/\/saranaturels.com\/wp-content\/uploads\/2026\/03\/sara-naturels_Plan-de-travail-1.png","width":1900,"height":1900,"caption":"Sara Naturels"},"image":{"@id":"https:\/\/saranaturels.com\/#\/schema\/logo\/image\/"},"sameAs":["https:\/\/www.facebook.com\/profile.php?id=61583590318155&rdid=C9o2KHjybaDWiTzT&share_url=httpswww.facebook.comshare1F1doT5mxd#","https:\/\/www.instagram.com\/sara_naturels"]}]}},"_links":{"self":[{"href":"https:\/\/saranaturels.com\/ar\/wp-json\/wp\/v2\/product\/16273","targetHints":{"allow":["GET"]}}],"collection":[{"href":"https:\/\/saranaturels.com\/ar\/wp-json\/wp\/v2\/product"}],"about":[{"href":"https:\/\/saranaturels.com\/ar\/wp-json\/wp\/v2\/types\/product"}],"replies":[{"embeddable":true,"href":"https:\/\/saranaturels.com\/ar\/wp-json\/wp\/v2\/comments?post=16273"}],"version-history":[{"count":1,"href":"https:\/\/saranaturels.com\/ar\/wp-json\/wp\/v2\/product\/16273\/revisions"}],"predecessor-version":[{"id":16278,"href":"https:\/\/saranaturels.com\/ar\/wp-json\/wp\/v2\/product\/16273\/revisions\/16278"}],"wp:featuredmedia":[{"embeddable":true,"href":"https:\/\/saranaturels.com\/ar\/wp-json\/wp\/v2\/media\/16276"}],"wp:attachment":[{"href":"https:\/\/saranaturels.com\/ar\/wp-json\/wp\/v2\/media?parent=16273"}],"wp:term":[{"taxonomy":"product_brand","embeddable":true,"href":"https:\/\/saranaturels.com\/ar\/wp-json\/wp\/v2\/product_brand?post=16273"},{"taxonomy":"product_cat","embeddable":true,"href":"https:\/\/saranaturels.com\/ar\/wp-json\/wp\/v2\/product_cat?post=16273"},{"taxonomy":"product_tag","embeddable":true,"href":"https:\/\/saranaturels.com\/ar\/wp-json\/wp\/v2\/product_tag?post=16273"}],"curies":[{"name":"wp","href":"https:\/\/api.w.org\/{rel}","templated":true}]}}