{"id":16650,"date":"2026-03-29T03:08:35","date_gmt":"2026-03-29T02:08:35","guid":{"rendered":"https:\/\/saranaturels.com\/?page_id=16650"},"modified":"2026-03-29T03:08:37","modified_gmt":"2026-03-29T02:08:37","slug":"conditions-generales-de-vente","status":"publish","type":"page","link":"https:\/\/saranaturels.com\/ar\/conditions-generales-de-vente\/","title":{"rendered":"Conditions G\u00e9n\u00e9rales de Vente"},"content":{"rendered":"<h2 class=\"wp-block-wd-title title wd-dcbd44e8\">Conditions G\u00e9n\u00e9rales de Vente<\/h2>\n\n\n\n<p class=\"wp-block-wd-paragraph wd-592e63b4\">Les pr\u00e9sentes conditions r\u00e9gissent les ventes effectu\u00e9es sur le site Sara Naturels.<\/p>\n\n\n\n<h3 class=\"wp-block-wd-title title wd-b527807c\">Produits<\/h3>\n\n\n\n<p class=\"wp-block-wd-paragraph wd-b4020353\">Tous nos produits sont naturels et d\u00e9crits avec pr\u00e9cision. Les photos sont non contractuelles.<\/p>\n\n\n\n<h3 class=\"wp-block-wd-title title wd-11f6d095\">Commandes<\/h3>\n\n\n\n<p class=\"wp-block-wd-paragraph wd-85687971\">Toute commande implique l&rsquo;acceptation des pr\u00e9sentes conditions g\u00e9n\u00e9rales.<\/p>\n\n\n\n<h3 class=\"wp-block-wd-title title wd-47ad8491\">Prix<\/h3>\n\n\n\n<p class=\"wp-block-wd-paragraph wd-963342a6\">Les prix sont indiqu\u00e9s en dirhams marocains (MAD).<\/p>\n\n\n\n<h3 class=\"wp-block-wd-title title wd-951cca7a\">\u0627\u0644\u062f\u0641\u0639<\/h3>\n\n\n\n<p class=\"wp-block-wd-paragraph wd-0fa684e1\">Le paiement s&rsquo;effectue \u00e0 la livraison.<\/p>\n\n\n\n<h3 class=\"wp-block-wd-title title wd-c7a9944d\">\u0627\u0644\u062a\u0648\u0635\u064a\u0644<\/h3>\n\n\n\n<p class=\"wp-block-wd-paragraph wd-578af798\">Les d\u00e9lais sont donn\u00e9s \u00e0 titre indicatif et peuvent varier selon la r\u00e9gion.<\/p>\n\n\n\n<h3 class=\"wp-block-wd-title title wd-4c791655\">Responsabilit\u00e9<\/h3>\n\n\n\n<p class=\"wp-block-wd-paragraph wd-b7cb9cc4\">Sara Naturels ne peut \u00eatre tenu responsable des retards caus\u00e9s par le transporteur.<\/p>\n\n\n\n<h3 class=\"wp-block-wd-title title wd-c8a51f75\">Service Client<\/h3>\n\n\n\n<p class=\"wp-block-wd-paragraph wd-cf326387\">Notre \u00e9quipe reste disponible pour toute assistance.<\/p>","protected":false},"excerpt":{"rendered":"","protected":false},"author":1,"featured_media":0,"parent":0,"menu_order":0,"comment_status":"closed","ping_status":"closed","template":"","meta":{"footnotes":""},"class_list":["post-16650","page","type-page","status-publish","hentry"],"yoast_head":"<!-- This site is optimized with the Yoast SEO plugin v27.3 - https:\/\/yoast.com\/product\/yoast-seo-wordpress\/ -->\n<title>Conditions G\u00e9n\u00e9rales de Vente - Sara Naturels<\/title>\n<meta name=\"robots\" content=\"index, follow, max-snippet:-1, max-image-preview:large, max-video-preview:-1\" \/>\n<link rel=\"canonical\" href=\"https:\/\/saranaturels.com\/ar\/conditions-generales-de-vente\/\" \/>\n<meta property=\"og:locale\" content=\"ar_AR\" \/>\n<meta property=\"og:type\" content=\"article\" \/>\n<meta property=\"og:title\" content=\"Conditions G\u00e9n\u00e9rales de Vente - Sara Naturels\" \/>\n<meta property=\"og:url\" content=\"https:\/\/saranaturels.com\/ar\/conditions-generales-de-vente\/\" \/>\n<meta property=\"og:site_name\" content=\"Sara Naturels\" \/>\n<meta property=\"article:publisher\" content=\"https:\/\/www.facebook.com\/profile.php?id=61583590318155&amp;rdid=C9o2KHjybaDWiTzT&amp;share_url=httpswww.facebook.comshare1F1doT5mxd#\" \/>\n<meta property=\"article:modified_time\" content=\"2026-03-29T02:08:37+00:00\" \/>\n<meta name=\"twitter:card\" content=\"summary_large_image\" \/>\n<meta name=\"twitter:label1\" content=\"\u0648\u0642\u062a \u0627\u0644\u0642\u0631\u0627\u0621\u0629 \u0627\u0644\u0645\u064f\u0642\u062f\u0651\u0631\" \/>\n\t<meta name=\"twitter:data1\" content=\"\u062f\u0642\u064a\u0642\u0629 \u0648\u0627\u062d\u062f\u0629\" \/>\n<script type=\"application\/ld+json\" class=\"yoast-schema-graph\">{\"@context\":\"https:\\\/\\\/schema.org\",\"@graph\":[{\"@type\":\"WebPage\",\"@id\":\"https:\\\/\\\/saranaturels.com\\\/conditions-generales-de-vente\\\/\",\"url\":\"https:\\\/\\\/saranaturels.com\\\/conditions-generales-de-vente\\\/\",\"name\":\"Conditions G\u00e9n\u00e9rales de Vente - Sara Naturels\",\"isPartOf\":{\"@id\":\"https:\\\/\\\/saranaturels.com\\\/#website\"},\"datePublished\":\"2026-03-29T02:08:35+00:00\",\"dateModified\":\"2026-03-29T02:08:37+00:00\",\"breadcrumb\":{\"@id\":\"https:\\\/\\\/saranaturels.com\\\/conditions-generales-de-vente\\\/#breadcrumb\"},\"inLanguage\":\"ar\",\"potentialAction\":[{\"@type\":\"ReadAction\",\"target\":[\"https:\\\/\\\/saranaturels.com\\\/conditions-generales-de-vente\\\/\"]}]},{\"@type\":\"BreadcrumbList\",\"@id\":\"https:\\\/\\\/saranaturels.com\\\/conditions-generales-de-vente\\\/#breadcrumb\",\"itemListElement\":[{\"@type\":\"ListItem\",\"position\":1,\"name\":\"Accueil\",\"item\":\"https:\\\/\\\/saranaturels.com\\\/\"},{\"@type\":\"ListItem\",\"position\":2,\"name\":\"Conditions G\u00e9n\u00e9rales de Vente\"}]},{\"@type\":\"WebSite\",\"@id\":\"https:\\\/\\\/saranaturels.com\\\/#website\",\"url\":\"https:\\\/\\\/saranaturels.com\\\/\",\"name\":\"Sara Naturels\",\"description\":\"Keep It Natural\",\"publisher\":{\"@id\":\"https:\\\/\\\/saranaturels.com\\\/#organization\"},\"potentialAction\":[{\"@type\":\"SearchAction\",\"target\":{\"@type\":\"EntryPoint\",\"urlTemplate\":\"https:\\\/\\\/saranaturels.com\\\/?s={search_term_string}\"},\"query-input\":{\"@type\":\"PropertyValueSpecification\",\"valueRequired\":true,\"valueName\":\"search_term_string\"}}],\"inLanguage\":\"ar\"},{\"@type\":\"Organization\",\"@id\":\"https:\\\/\\\/saranaturels.com\\\/#organization\",\"name\":\"Sara Naturels\",\"url\":\"https:\\\/\\\/saranaturels.com\\\/\",\"logo\":{\"@type\":\"ImageObject\",\"inLanguage\":\"ar\",\"@id\":\"https:\\\/\\\/saranaturels.com\\\/#\\\/schema\\\/logo\\\/image\\\/\",\"url\":\"https:\\\/\\\/saranaturels.com\\\/wp-content\\\/uploads\\\/2026\\\/03\\\/sara-naturels_Plan-de-travail-1.png\",\"contentUrl\":\"https:\\\/\\\/saranaturels.com\\\/wp-content\\\/uploads\\\/2026\\\/03\\\/sara-naturels_Plan-de-travail-1.png\",\"width\":1900,\"height\":1900,\"caption\":\"Sara Naturels\"},\"image\":{\"@id\":\"https:\\\/\\\/saranaturels.com\\\/#\\\/schema\\\/logo\\\/image\\\/\"},\"sameAs\":[\"https:\\\/\\\/www.facebook.com\\\/profile.php?id=61583590318155&rdid=C9o2KHjybaDWiTzT&share_url=httpswww.facebook.comshare1F1doT5mxd#\",\"https:\\\/\\\/www.instagram.com\\\/sara_naturels\"]}]}<\/script>\n<!-- \/ Yoast SEO plugin. -->","yoast_head_json":{"title":"Conditions G\u00e9n\u00e9rales de Vente - Sara Naturels","robots":{"index":"index","follow":"follow","max-snippet":"max-snippet:-1","max-image-preview":"max-image-preview:large","max-video-preview":"max-video-preview:-1"},"canonical":"https:\/\/saranaturels.com\/ar\/conditions-generales-de-vente\/","og_locale":"ar_AR","og_type":"article","og_title":"Conditions G\u00e9n\u00e9rales de Vente - Sara Naturels","og_url":"https:\/\/saranaturels.com\/ar\/conditions-generales-de-vente\/","og_site_name":"Sara Naturels","article_publisher":"https:\/\/www.facebook.com\/profile.php?id=61583590318155&rdid=C9o2KHjybaDWiTzT&share_url=httpswww.facebook.comshare1F1doT5mxd#","article_modified_time":"2026-03-29T02:08:37+00:00","twitter_card":"summary_large_image","twitter_misc":{"\u0648\u0642\u062a \u0627\u0644\u0642\u0631\u0627\u0621\u0629 \u0627\u0644\u0645\u064f\u0642\u062f\u0651\u0631":"\u062f\u0642\u064a\u0642\u0629 \u0648\u0627\u062d\u062f\u0629"},"schema":{"@context":"https:\/\/schema.org","@graph":[{"@type":"WebPage","@id":"https:\/\/saranaturels.com\/conditions-generales-de-vente\/","url":"https:\/\/saranaturels.com\/conditions-generales-de-vente\/","name":"Conditions G\u00e9n\u00e9rales de Vente - Sara Naturels","isPartOf":{"@id":"https:\/\/saranaturels.com\/#website"},"datePublished":"2026-03-29T02:08:35+00:00","dateModified":"2026-03-29T02:08:37+00:00","breadcrumb":{"@id":"https:\/\/saranaturels.com\/conditions-generales-de-vente\/#breadcrumb"},"inLanguage":"ar","potentialAction":[{"@type":"ReadAction","target":["https:\/\/saranaturels.com\/conditions-generales-de-vente\/"]}]},{"@type":"BreadcrumbList","@id":"https:\/\/saranaturels.com\/conditions-generales-de-vente\/#breadcrumb","itemListElement":[{"@type":"ListItem","position":1,"name":"Accueil","item":"https:\/\/saranaturels.com\/"},{"@type":"ListItem","position":2,"name":"Conditions G\u00e9n\u00e9rales de Vente"}]},{"@type":"WebSite","@id":"https:\/\/saranaturels.com\/#website","url":"https:\/\/saranaturels.com\/","name":"Sara Naturels","description":"Keep It Natural","publisher":{"@id":"https:\/\/saranaturels.com\/#organization"},"potentialAction":[{"@type":"SearchAction","target":{"@type":"EntryPoint","urlTemplate":"https:\/\/saranaturels.com\/?s={search_term_string}"},"query-input":{"@type":"PropertyValueSpecification","valueRequired":true,"valueName":"search_term_string"}}],"inLanguage":"ar"},{"@type":"Organization","@id":"https:\/\/saranaturels.com\/#organization","name":"Sara Naturels","url":"https:\/\/saranaturels.com\/","logo":{"@type":"ImageObject","inLanguage":"ar","@id":"https:\/\/saranaturels.com\/#\/schema\/logo\/image\/","url":"https:\/\/saranaturels.com\/wp-content\/uploads\/2026\/03\/sara-naturels_Plan-de-travail-1.png","contentUrl":"https:\/\/saranaturels.com\/wp-content\/uploads\/2026\/03\/sara-naturels_Plan-de-travail-1.png","width":1900,"height":1900,"caption":"Sara Naturels"},"image":{"@id":"https:\/\/saranaturels.com\/#\/schema\/logo\/image\/"},"sameAs":["https:\/\/www.facebook.com\/profile.php?id=61583590318155&rdid=C9o2KHjybaDWiTzT&share_url=httpswww.facebook.comshare1F1doT5mxd#","https:\/\/www.instagram.com\/sara_naturels"]}]}},"_links":{"self":[{"href":"https:\/\/saranaturels.com\/ar\/wp-json\/wp\/v2\/pages\/16650","targetHints":{"allow":["GET"]}}],"collection":[{"href":"https:\/\/saranaturels.com\/ar\/wp-json\/wp\/v2\/pages"}],"about":[{"href":"https:\/\/saranaturels.com\/ar\/wp-json\/wp\/v2\/types\/page"}],"author":[{"embeddable":true,"href":"https:\/\/saranaturels.com\/ar\/wp-json\/wp\/v2\/users\/1"}],"replies":[{"embeddable":true,"href":"https:\/\/saranaturels.com\/ar\/wp-json\/wp\/v2\/comments?post=16650"}],"version-history":[{"count":1,"href":"https:\/\/saranaturels.com\/ar\/wp-json\/wp\/v2\/pages\/16650\/revisions"}],"predecessor-version":[{"id":16651,"href":"https:\/\/saranaturels.com\/ar\/wp-json\/wp\/v2\/pages\/16650\/revisions\/16651"}],"wp:attachment":[{"href":"https:\/\/saranaturels.com\/ar\/wp-json\/wp\/v2\/media?parent=16650"}],"curies":[{"name":"wp","href":"https:\/\/api.w.org\/{rel}","templated":true}]}}